{"id":638,"date":"2018-07-18T09:13:27","date_gmt":"2018-07-18T07:13:27","guid":{"rendered":"http:\/\/www.adeenne.com\/?page_id=638"},"modified":"2018-07-20T11:25:18","modified_gmt":"2018-07-20T09:25:18","slug":"privacy-policy","status":"publish","type":"page","link":"https:\/\/www.adeenne.com\/en\/privacy-policy\/","title":{"rendered":"Privacy Policy"},"content":{"rendered":"<section  class='av_textblock_section av-jjo3tkrv-b8b8414c00599ca06f64dd6529bbd6f5 '   itemscope=\"itemscope\" itemtype=\"https:\/\/schema.org\/CreativeWork\" ><div class='avia_textblock'  itemprop=\"text\" ><h1>Personal Data Processing<\/h1>\n<p><strong>Some of the services offered on the web site require the collection of personal information.<\/strong><\/p>\n<h3><\/h3>\n<h3><\/h3>\n<h3><\/h3>\n<h3>AGREEMENT<\/h3>\n<p>The data subject hereby authorizes, in accordance with the provisions contained in\u00a0<strong>Regulation (EU) 2016\/679 on General Data Protection<\/strong>, to perform the computerized processing of the personal details supplied voluntarily through electronic forms and\/or emails. The following information is provided in connection with the foregoing:<\/p>\n<h4>Basic information about Data Protection<\/h4>\n<div><\/div>\n<table style=\"font-size: 16px;\" width=\"100%\">\n<tbody>\n<tr>\n<td>Data Controller<\/td>\n<td>Adeenne Gesti\u00f3n de la Comunicaci\u00f3n<\/td>\n<\/tr>\n<tr>\n<td>Purpose<\/td>\n<td>Processing of personal data for the purpose of informing about corporate aspects, as well as about the products and services of Adeenne<\/td>\n<\/tr>\n<tr>\n<td>Legal Authority<\/td>\n<td>Consent of the data subject.<\/td>\n<\/tr>\n<tr>\n<td>Intended recipient<\/td>\n<td>The information provided will not be transferred to third parties; only Adenne., its investee companies and subsidiaries will have access to it.<\/td>\n<\/tr>\n<tr>\n<td>Rights<\/td>\n<td>To access, correct and cancel the said data, as well as other rights included in the privacy policy.<\/td>\n<\/tr>\n<\/tbody>\n<\/table>\n<h2><\/h2>\n<h3>SECURITY<\/h3>\n<p>Adeenne, has adopted and will in future adopt all compulsory technical and organizational security measures in accordance with the provisions contained in current legislation and the quality standards in place in the sector, in order to ensure the utmost security and confidentiality of the communications. Adeenne guarantees that it has checks in place to prevent the opening of breaches in its security or other negative consequences and adopts the most suitable organizational measures and technical procedures to minimize risks. The foregoing notwithstanding, users acknowledge and accept that security measures on the Internet are not impregnable.<\/p>\n<h3>DATA CONTROLLER<\/h3>\n<p><strong>Identity: \u00c1ngel Arag\u00f3n Mar\u00edn<\/strong><br \/>\n<strong>Tax ID card n\u00ba: 04561342M<\/strong><br \/>\n<strong>Email: <a class=\"moz-txt-link-abbreviated\" href=\"mailto:adeenne@adeenne.com\">adeenne@adeenne.com<\/a><\/strong><\/p>\n<h3>PURPOSE<\/h3>\n<p>You are informed that your personal data will only be processed for the purpose of informing you about corporate aspects, as well as about the products and services of\u00a0 Adeenne.<\/p>\n<h3>LEGAL AUTHORITY<\/h3>\n<p>Our legal authority for the collection and processing of your personal information, as well as your inclusion on a mailing list, is based on obtaining your prior consent. Since the purpose of the processing is not based on any legal obligation nor on any legitimate interest on the part of the Data Controller, and it is not done for the execution of a contract or as a mission of public interest, we hereby request that you grant us your consent to process your data legitimately.<\/p>\n<h3>RETENTION PERIOD<\/h3>\n<p>The information provided will not be transferred to third parties; only Adeenne, its investee companies and subsidiaries will have access to it, pursuant to the Corporate Standard in place at Aadeenne. and its Privacy Policy.<\/p>\n<h3>RIGHTS<\/h3>\n<p>Data subjects shall be entitled to obtain confirmation about whether or not the Data Controller or any company in its group is processing their personal details and, if so, to access their personal information. In this sense, data subjects shall be entitled to limit the processing of any information furnished.<\/p>\n<p>Data subjects shall be able to have their personal details cancelled and the Data Controller will be obliged to eliminate their personal details without undue delay whenever they are no longer necessary for the purposes for which they were obtained, the data subject in question has withdrawn consent or opposes their processing, and when they are being processed illegally or must be eliminated in order to comply with a statutory obligation established in European Union Law or in the law of the Member States. In the same way, data subjects may request the correction of any inaccurate personal details held.<\/p>\n<p>Furthermore, for reasons related to their individual situations, data subjects may at any time oppose the processing of their personal details, including the preparation of profiles. The Data Controller must then cease to process the details in question, unless authorized pursuant to legitimate imperious grounds, or for the exercise or defence of possible claims.<\/p>\n<p>The Data Controller shall notify the data subject of any correction or cancellation of personal details or any limitation made in their processing.<\/p>\n<p>Lastly, data subjects shall be entitled to exercise the portability of their personal details, i.e. they are entitled to receive their personal details furnished to a Data Controller in a widely-used structured format suitable for automatic reading, and to transmit them to another party responsible for processing without any hindrance by the Data Controller to whom the information had been provided.<\/p>\n<\/div><\/section>\n\n<style type=\"text\/css\" data-created_by=\"avia_inline_auto\" id=\"style-css-av-jjo8od5o-7f3663f43e7b8aa51614d7d188e345df\">\n#top .hr.hr-invisible.av-jjo8od5o-7f3663f43e7b8aa51614d7d188e345df{\nheight:100px;\n}\n<\/style>\n<div  class='hr av-jjo8od5o-7f3663f43e7b8aa51614d7d188e345df hr-invisible  avia-builder-el-1  el_after_av_textblock  el_before_av_textblock '><span class='hr-inner '><span class=\"hr-inner-style\"><\/span><\/span><\/div>\n<section  class='av_textblock_section av-jjo3m96c-dc2e97ae92021f896e2f8fcd76d1e971 '   itemscope=\"itemscope\" itemtype=\"https:\/\/schema.org\/CreativeWork\" ><div class='avia_textblock'  itemprop=\"text\" ><h2 id=\"cookies\">COOKIES POLICY<\/h2>\n<p>Cookie es un fichero que se descarga en su ordenador al acceder a determinadas p\u00e1ginas web. Las cookies permiten a una p\u00e1gina web, entre otras cosas, almacenar y recuperar informaci\u00f3n sobre los h\u00e1bitos de navegaci\u00f3n de un usuario o de su equipo. El navegador del usuario memoriza cookies en el disco duro solamente durante la sesi\u00f3n actual ocupando un espacio de memoria m\u00ednimo y no perjudicando al ordenador. Las cookies no contienen ninguna clase de informaci\u00f3n personal espec\u00edfica, y la mayor\u00eda de las mismas se borran del disco duro al finalizar la sesi\u00f3n de navegador (las denominadas cookies de sesi\u00f3n).<\/p>\n<p><strong>\u00bfQu\u00e9 tipos de cookies utiliza esta p\u00e1gina web?<\/strong><\/p>\n<p>Cookies de an\u00e1lisis: Son aqu\u00e9llas que bien tratadas por nosotros o por terceros, nos permiten cuantificar el n\u00famero de usuarios y as\u00ed realizar la medici\u00f3n y an\u00e1lisis estad\u00edstico de la utilizaci\u00f3n que hacen los usuarios del servicio ofertado. Para ello se analiza su navegaci\u00f3n en nuestra p\u00e1gina web con el fin de mejorar la oferta de productos o servicios que le ofrecemos.<\/p>\n<p>En particular, este sitio Web utiliza Google Analytics, un servicio anal\u00edtico de web prestado por Google, Inc. con domicilio en los Estados Unidos con sede central en 1600 Amphitheatre Parkway, Mountain View, California 94043. Para la prestaci\u00f3n de estos servicios, estos utilizan cookies que recopilan la informaci\u00f3n, incluida la direcci\u00f3n IP del usuario, que ser\u00e1 transmitida, tratada y almacenada por Google en los t\u00e9rminos fijados en la Web Google.com. Incluyendo la posible transmisi\u00f3n de dicha informaci\u00f3n a terceros por razones de exigencia legal o cuando dichos terceros procesen la informaci\u00f3n por cuenta de Google.<\/p>\n<p>El Usuario acepta expresamente, por la utilizaci\u00f3n de este Site, el tratamiento de la informaci\u00f3n recabada en la forma y con los fines anteriormente mencionados. Y asimismo reconoce conocer la posibilidad de rechazar el tratamiento de tales datos o informaci\u00f3n rechazando el uso de Cookies mediante la selecci\u00f3n de la configuraci\u00f3n apropiada a tal fin en su navegador. Si bien esta opci\u00f3n de bloqueo de Cookies en su navegador puede no permitirle el uso pleno de todas las funcionalidades del Website.<\/p>\n<p>Puede usted permitir, bloquear o eliminar las cookies instaladas en su equipo mediante la configuraci\u00f3n de las opciones del navegador instalado en su ordenador:<\/p>\n<ul>\n<li><a href=\"https:\/\/support.google.com\/chrome\/answer\/95647?hl=es\" rel=\"nofollow\">Crome<\/a><\/li>\n<li><a href=\"https:\/\/support.microsoft.com\/es-es\/kb\/196955\" rel=\"nofollow\">Explorer<\/a><\/li>\n<li><a href=\"https:\/\/support.mozilla.org\/es\/kb\/habilitar-y-deshabilitar-cookies-que-los-sitios-we\" rel=\"nofollow\">Firefox<\/a><\/li>\n<li><a href=\"https:\/\/support.apple.com\/kb\/ph5042?locale=es_ES\" rel=\"nofollow\">Safari<\/a><\/li>\n<\/ul>\n<\/div><\/section>\n","protected":false},"excerpt":{"rendered":"","protected":false},"author":1,"featured_media":0,"parent":0,"menu_order":0,"comment_status":"closed","ping_status":"closed","template":"","meta":{"footnotes":""},"class_list":["post-638","page","type-page","status-publish","hentry"],"yoast_head":"<!-- This site is optimized with the Yoast SEO plugin v26.8 - https:\/\/yoast.com\/product\/yoast-seo-wordpress\/ -->\n<title>Privacy Policy - Adeenne<\/title>\n<meta name=\"description\" content=\"Gesti\u00f3n de la Comunici\u00f3n y la imagen corporativa. Gesti\u00f3n de eventos y seguimiento empresarial. Gesti\u00f3n y mantenimiento plataformas online\" \/>\n<meta name=\"robots\" content=\"noindex, nofollow\" \/>\n<meta property=\"og:locale\" content=\"en_US\" \/>\n<meta property=\"og:type\" content=\"article\" \/>\n<meta property=\"og:title\" content=\"Privacy Policy - Adeenne\" \/>\n<meta property=\"og:description\" content=\"Gesti\u00f3n de la Comunici\u00f3n y la imagen corporativa. Gesti\u00f3n de eventos y seguimiento empresarial. Gesti\u00f3n y mantenimiento plataformas online\" \/>\n<meta property=\"og:url\" content=\"https:\/\/www.adeenne.com\/en\/privacy-policy\/\" \/>\n<meta property=\"og:site_name\" content=\"Adeenne\" \/>\n<meta property=\"article:modified_time\" content=\"2018-07-20T09:25:18+00:00\" \/>\n<meta name=\"twitter:card\" content=\"summary_large_image\" \/>\n<meta name=\"twitter:label1\" content=\"Est. reading time\" \/>\n\t<meta name=\"twitter:data1\" content=\"6 minutes\" \/>\n<script type=\"application\/ld+json\" class=\"yoast-schema-graph\">{\"@context\":\"https:\/\/schema.org\",\"@graph\":[{\"@type\":\"WebPage\",\"@id\":\"https:\/\/www.adeenne.com\/en\/privacy-policy\/\",\"url\":\"https:\/\/www.adeenne.com\/en\/privacy-policy\/\",\"name\":\"Privacy Policy - Adeenne\",\"isPartOf\":{\"@id\":\"https:\/\/www.adeenne.com\/#website\"},\"datePublished\":\"2018-07-18T07:13:27+00:00\",\"dateModified\":\"2018-07-20T09:25:18+00:00\",\"description\":\"Gesti\u00f3n de la Comunici\u00f3n y la imagen corporativa. Gesti\u00f3n de eventos y seguimiento empresarial. Gesti\u00f3n y mantenimiento plataformas online\",\"breadcrumb\":{\"@id\":\"https:\/\/www.adeenne.com\/en\/privacy-policy\/#breadcrumb\"},\"inLanguage\":\"en-US\",\"potentialAction\":[{\"@type\":\"ReadAction\",\"target\":[\"https:\/\/www.adeenne.com\/en\/privacy-policy\/\"]}]},{\"@type\":\"BreadcrumbList\",\"@id\":\"https:\/\/www.adeenne.com\/en\/privacy-policy\/#breadcrumb\",\"itemListElement\":[{\"@type\":\"ListItem\",\"position\":1,\"name\":\"Portada\",\"item\":\"https:\/\/www.adeenne.com\/en\/corporate-communication-management\/\"},{\"@type\":\"ListItem\",\"position\":2,\"name\":\"Privacy Policy\"}]},{\"@type\":\"WebSite\",\"@id\":\"https:\/\/www.adeenne.com\/#website\",\"url\":\"https:\/\/www.adeenne.com\/\",\"name\":\"Adeenne\",\"description\":\"Gesti\u00f3n de la Comunicaci\u00f3n\",\"publisher\":{\"@id\":\"https:\/\/www.adeenne.com\/#organization\"},\"potentialAction\":[{\"@type\":\"SearchAction\",\"target\":{\"@type\":\"EntryPoint\",\"urlTemplate\":\"https:\/\/www.adeenne.com\/?s={search_term_string}\"},\"query-input\":{\"@type\":\"PropertyValueSpecification\",\"valueRequired\":true,\"valueName\":\"search_term_string\"}}],\"inLanguage\":\"en-US\"},{\"@type\":\"Organization\",\"@id\":\"https:\/\/www.adeenne.com\/#organization\",\"name\":\"Adeenne Comunicaci\u00f3n y Marketing\",\"url\":\"https:\/\/www.adeenne.com\/\",\"logo\":{\"@type\":\"ImageObject\",\"inLanguage\":\"en-US\",\"@id\":\"https:\/\/www.adeenne.com\/#\/schema\/logo\/image\/\",\"url\":\"http:\/\/www.adeenne.com\/wp-content\/uploads\/logo-adeenne-marketing-digital.png\",\"contentUrl\":\"http:\/\/www.adeenne.com\/wp-content\/uploads\/logo-adeenne-marketing-digital.png\",\"width\":248,\"height\":78,\"caption\":\"Adeenne Comunicaci\u00f3n y Marketing\"},\"image\":{\"@id\":\"https:\/\/www.adeenne.com\/#\/schema\/logo\/image\/\"}}]}<\/script>\n<!-- \/ Yoast SEO plugin. -->","yoast_head_json":{"title":"Privacy Policy - Adeenne","description":"Gesti\u00f3n de la Comunici\u00f3n y la imagen corporativa. Gesti\u00f3n de eventos y seguimiento empresarial. Gesti\u00f3n y mantenimiento plataformas online","robots":{"index":"noindex","follow":"nofollow"},"og_locale":"en_US","og_type":"article","og_title":"Privacy Policy - Adeenne","og_description":"Gesti\u00f3n de la Comunici\u00f3n y la imagen corporativa. Gesti\u00f3n de eventos y seguimiento empresarial. Gesti\u00f3n y mantenimiento plataformas online","og_url":"https:\/\/www.adeenne.com\/en\/privacy-policy\/","og_site_name":"Adeenne","article_modified_time":"2018-07-20T09:25:18+00:00","twitter_card":"summary_large_image","twitter_misc":{"Est. reading time":"6 minutes"},"schema":{"@context":"https:\/\/schema.org","@graph":[{"@type":"WebPage","@id":"https:\/\/www.adeenne.com\/en\/privacy-policy\/","url":"https:\/\/www.adeenne.com\/en\/privacy-policy\/","name":"Privacy Policy - Adeenne","isPartOf":{"@id":"https:\/\/www.adeenne.com\/#website"},"datePublished":"2018-07-18T07:13:27+00:00","dateModified":"2018-07-20T09:25:18+00:00","description":"Gesti\u00f3n de la Comunici\u00f3n y la imagen corporativa. Gesti\u00f3n de eventos y seguimiento empresarial. Gesti\u00f3n y mantenimiento plataformas online","breadcrumb":{"@id":"https:\/\/www.adeenne.com\/en\/privacy-policy\/#breadcrumb"},"inLanguage":"en-US","potentialAction":[{"@type":"ReadAction","target":["https:\/\/www.adeenne.com\/en\/privacy-policy\/"]}]},{"@type":"BreadcrumbList","@id":"https:\/\/www.adeenne.com\/en\/privacy-policy\/#breadcrumb","itemListElement":[{"@type":"ListItem","position":1,"name":"Portada","item":"https:\/\/www.adeenne.com\/en\/corporate-communication-management\/"},{"@type":"ListItem","position":2,"name":"Privacy Policy"}]},{"@type":"WebSite","@id":"https:\/\/www.adeenne.com\/#website","url":"https:\/\/www.adeenne.com\/","name":"Adeenne","description":"Gesti\u00f3n de la Comunicaci\u00f3n","publisher":{"@id":"https:\/\/www.adeenne.com\/#organization"},"potentialAction":[{"@type":"SearchAction","target":{"@type":"EntryPoint","urlTemplate":"https:\/\/www.adeenne.com\/?s={search_term_string}"},"query-input":{"@type":"PropertyValueSpecification","valueRequired":true,"valueName":"search_term_string"}}],"inLanguage":"en-US"},{"@type":"Organization","@id":"https:\/\/www.adeenne.com\/#organization","name":"Adeenne Comunicaci\u00f3n y Marketing","url":"https:\/\/www.adeenne.com\/","logo":{"@type":"ImageObject","inLanguage":"en-US","@id":"https:\/\/www.adeenne.com\/#\/schema\/logo\/image\/","url":"http:\/\/www.adeenne.com\/wp-content\/uploads\/logo-adeenne-marketing-digital.png","contentUrl":"http:\/\/www.adeenne.com\/wp-content\/uploads\/logo-adeenne-marketing-digital.png","width":248,"height":78,"caption":"Adeenne Comunicaci\u00f3n y Marketing"},"image":{"@id":"https:\/\/www.adeenne.com\/#\/schema\/logo\/image\/"}}]}},"_links":{"self":[{"href":"https:\/\/www.adeenne.com\/en\/wp-json\/wp\/v2\/pages\/638","targetHints":{"allow":["GET"]}}],"collection":[{"href":"https:\/\/www.adeenne.com\/en\/wp-json\/wp\/v2\/pages"}],"about":[{"href":"https:\/\/www.adeenne.com\/en\/wp-json\/wp\/v2\/types\/page"}],"author":[{"embeddable":true,"href":"https:\/\/www.adeenne.com\/en\/wp-json\/wp\/v2\/users\/1"}],"replies":[{"embeddable":true,"href":"https:\/\/www.adeenne.com\/en\/wp-json\/wp\/v2\/comments?post=638"}],"version-history":[{"count":7,"href":"https:\/\/www.adeenne.com\/en\/wp-json\/wp\/v2\/pages\/638\/revisions"}],"predecessor-version":[{"id":701,"href":"https:\/\/www.adeenne.com\/en\/wp-json\/wp\/v2\/pages\/638\/revisions\/701"}],"wp:attachment":[{"href":"https:\/\/www.adeenne.com\/en\/wp-json\/wp\/v2\/media?parent=638"}],"curies":[{"name":"wp","href":"https:\/\/api.w.org\/{rel}","templated":true}]}}